{"id":592,"date":"2025-11-03T16:13:12","date_gmt":"2025-11-03T16:13:12","guid":{"rendered":"https:\/\/betsnice.mobi\/?page_id=592"},"modified":"2025-11-04T15:57:28","modified_gmt":"2025-11-04T15:57:28","slug":"home","status":"publish","type":"page","link":"https:\/\/betsnice.mobi\/","title":{"rendered":"Home"},"content":{"rendered":"\n<div class=\"wp-block-uagb-container uagb-layout-grid uagb-block-0c319050 alignfull uagb-is-root-container\"><div class=\"uagb-container-inner-blocks-wrap\">\n<div class=\"wp-block-uagb-container uagb-block-8969740f\">\n<div class=\"wp-block-uagb-info-box uagb-block-df6d5726 uagb-infobox__content-wrap  uagb-infobox-icon-above-title uagb-infobox-image-valign-top\"><div class=\"uagb-ifb-content\"><div class=\"uagb-ifb-title-wrap\"><h1 class=\"uagb-ifb-title\">Betsnice Mobil<\/h1><\/div><p class=\"uagb-ifb-desc\">Betsnice mobil APK ile g\u00fcncel adresimizi takip etmenize gerek kalmadan her zaman g\u00fcncel adresimize tek t\u0131klamayla ula\u015fabilirsiniz.<\/p><\/div><\/div>\n\n\n\n<div class=\"wp-block-uagb-buttons uagb-buttons__outer-wrap uagb-btn__default-btn uagb-btn-tablet__default-btn uagb-btn-mobile__default-btn uagb-block-962954f0\"><div class=\"uagb-buttons__wrap uagb-buttons-layout-wrap \">\n<div class=\"wp-block-uagb-buttons-child uagb-buttons__outer-wrap uagb-block-b65e9616 wp-block-button is-style-outline\"><div class=\"uagb-button__wrapper\"><a class=\"uagb-buttons-repeater wp-block-button__link\" aria-label=\"\" href=\"http:\/\/betsnice.mobi\/wp-content\/uploads\/2025\/11\/betsnice.apk\" rel=\"follow noopener\" target=\"_self\" role=\"button\"><div class=\"uagb-button__link\">Android APK indir<\/div><\/a><\/div><\/div>\n<\/div><\/div>\n\n\n\n<div style=\"height:50px\" aria-hidden=\"true\" class=\"wp-block-spacer\"><\/div>\n<\/div>\n\n\n\n<div class=\"wp-block-uagb-image aligncenter uagb-block-e1eafa6a wp-block-uagb-image--layout-default wp-block-uagb-image--effect-static wp-block-uagb-image--align-center\"><figure class=\"wp-block-uagb-image__figure\"><img decoding=\"async\" srcset=\"https:\/\/betsnice.mobi\/wp-content\/uploads\/2025\/11\/webinar-landing-template-hero-woman-img.webp ,https:\/\/betsnice.mobi\/wp-content\/uploads\/2025\/11\/webinar-landing-template-hero-woman-img.webp 780w, https:\/\/betsnice.mobi\/wp-content\/uploads\/2025\/11\/webinar-landing-template-hero-woman-img.webp 360w\" sizes=\"auto, (max-width: 480px) 150px\" src=\"https:\/\/betsnice.mobi\/wp-content\/uploads\/2025\/11\/webinar-landing-template-hero-woman-img.webp\" alt=\"\" class=\"uag-image-1463\" width=\"488\" height=\"857\" title=\"webinar-landing-template-hero-woman-img\" loading=\"lazy\" role=\"img\"\/><\/figure><\/div>\n<\/div><\/div>\n\n\n\n<div class=\"wp-block-uagb-container uagb-block-5ecf55bc alignfull uagb-is-root-container\"><div class=\"uagb-container-inner-blocks-wrap\">\n<div class=\"wp-block-uagb-container uagb-layout-grid uagb-block-3b86a393\">\n<div class=\"wp-block-uagb-advanced-heading uagb-block-1e845fa3\"><h2 class=\"uagb-heading-text\">Uygulama Nas\u0131l \u00c7al\u0131\u015f\u0131r?<\/h2><\/div>\n\n\n\n<div class=\"wp-block-uagb-advanced-heading uagb-block-cda45164\"><p class=\"uagb-heading-text\">Mobil uygulamam\u0131z kullan\u0131c\u0131lar\u0131m\u0131z\u0131n sosyal medya hesaplar\u0131m\u0131za, en g\u00fcncel adresimize ula\u015fabilmeler i\u00e7in tasarlanm\u0131\u015ft\u0131r. Yukar\u0131da yer alan linkten uygulamam\u0131z\u0131 indirerek kurulumu tamamlayabilirsiniz.<\/p><\/div>\n<\/div>\n\n\n\n<div class=\"wp-block-uagb-container uagb-block-77d649ae default uagb-is-root-container\">\n<div class=\"wp-block-uagb-info-box uagb-block-b8983dba uagb-infobox__content-wrap  uagb-infobox-icon-above-title uagb-infobox-image-valign-top wp-block-uagb-info-box--has-margin\"><div class=\"uagb-infobox-margin-wrapper\"><div class=\"uagb-ifb-content\"><div class=\"uagb-ifb-title-wrap\"><h6 class=\"uagb-ifb-title-prefix\">01.<\/h6><h4 class=\"uagb-ifb-title\">Kazanc\u0131n\u0131 Art\u0131ran F\u0131rsatlar<\/h4><\/div><p class=\"uagb-ifb-desc\">Kay\u0131p iadesi, \u00f6zel turnuva bonuslar\u0131, arkada\u015f\u0131n\u0131 getir kampanyas\u0131 ve daha fazlas\u0131\u2026 Promosyonlar sayfam\u0131z\u0131 takip et, avantajlardan an\u0131nda haberdar ol.<\/p><\/div><\/div><\/div>\n\n\n\n<div class=\"wp-block-uagb-info-box uagb-block-03fbfaf1 uagb-infobox__content-wrap  uagb-infobox-icon-above-title uagb-infobox-image-valign-top wp-block-uagb-info-box--has-margin\"><div class=\"uagb-infobox-margin-wrapper\"><div class=\"uagb-ifb-content\"><div class=\"uagb-ifb-title-wrap\"><h6 class=\"uagb-ifb-title-prefix\">02.<\/h6><h4 class=\"uagb-ifb-title\">Sadece Ma\u00e7 \u00d6ncesi De\u011fil, Her An Oyunday\u0131z!<\/h4><\/div><p class=\"uagb-ifb-desc\">Betsnice, d\u00fcnya genelindeki en pop\u00fcler spor dallar\u0131n\u0131 ve ligleri cebine getiriyor. Y\u00fcksek oranlar, detayl\u0131 istatistikler ve y\u00fczlerce bahis t\u00fcr\u00fc ile kazanma \u015fans\u0131n\u0131 katla.<\/p><\/div><\/div><\/div>\n<\/div>\n\n\n\n<div class=\"wp-block-uagb-container uagb-block-c01452c0 default uagb-is-root-container\">\n<div class=\"wp-block-uagb-info-box uagb-block-378972c5 uagb-infobox__content-wrap  uagb-infobox-icon-above-title uagb-infobox-image-valign-top wp-block-uagb-info-box--has-margin\"><div class=\"uagb-infobox-margin-wrapper\"><div class=\"uagb-ifb-content\"><div class=\"uagb-ifb-title-wrap\"><h6 class=\"uagb-ifb-title-prefix\">03.<\/h6><h4 class=\"uagb-ifb-title\"><strong>H\u0131zl\u0131 ve G\u00fcvenilir:<\/strong><\/h4><\/div><p class=\"uagb-ifb-desc\">Kolay aray\u00fcz\u00fc ve anl\u0131k sonu\u00e7 takibi ile zaman kaybetme.<\/p><\/div><\/div><\/div>\n\n\n\n<div class=\"wp-block-uagb-info-box uagb-block-abef0172 uagb-infobox__content-wrap  uagb-infobox-icon-above-title uagb-infobox-image-valign-top wp-block-uagb-info-box--has-margin\"><div class=\"uagb-infobox-margin-wrapper\"><div class=\"uagb-ifb-content\"><div class=\"uagb-ifb-title-wrap\"><h6 class=\"uagb-ifb-title-prefix\">04.<\/h6><h4 class=\"uagb-ifb-title\"><strong>Geni\u015f Bahis Se\u00e7enekleri:<\/strong><\/h4><\/div><p class=\"uagb-ifb-desc\">Futboldan basketbola, e-spordan canl\u0131 casinoya binlerce se\u00e7enek.<\/p><\/div><\/div><\/div>\n\n\n\n<div class=\"wp-block-uagb-info-box uagb-block-e652d4fc uagb-infobox__content-wrap  uagb-infobox-icon-above-title uagb-infobox-image-valign-top wp-block-uagb-info-box--has-margin\"><div class=\"uagb-infobox-margin-wrapper\"><div class=\"uagb-ifb-content\"><div class=\"uagb-ifb-title-wrap\"><h6 class=\"uagb-ifb-title-prefix\">05.<\/h6><h4 class=\"uagb-ifb-title\"><strong>Y\u00fcksek G\u00fcvenlik:<\/strong><\/h4><\/div><p class=\"uagb-ifb-desc\">Ki\u015fisel verilerin ve i\u015flemlerin en \u00fcst d\u00fczeyde korunmas\u0131.<br><\/p><\/div><\/div><\/div>\n<\/div>\n<\/div><\/div>\n\n\n\n<div class=\"wp-block-uagb-container uagb-block-5d88ddb5 alignfull uagb-is-root-container\"><div class=\"uagb-container-inner-blocks-wrap\">\n<div class=\"wp-block-uagb-info-box uagb-block-e78d2aba uagb-infobox__content-wrap  uagb-infobox-icon-above-title uagb-infobox-image-valign-top wp-block-uagb-info-box--has-margin\"><div class=\"uagb-infobox-margin-wrapper\"><div class=\"uagb-ifb-content\"><div class=\"uagb-ifb-title-wrap\"><h3 class=\"uagb-ifb-title-prefix\">E\u011flence \u00d6nceli\u011fimizdir!<\/h3><\/div><div class=\"uagb-ifb-separator\"><\/div><\/div><\/div><\/div>\n\n\n\n<div class=\"wp-block-uagb-container uagb-block-455e0fe3\">\n<div class=\"wp-block-uagb-advanced-heading uagb-block-2b1a27be\"><h2 class=\"uagb-heading-text\">G\u00fcvenilir ve Lisansl\u0131 Oyun Platformu<\/h2><p class=\"uagb-desc-text\">Betsnice, yasal merciler taraf\u0131ndan lisanslanm\u0131\u015f ve d\u00fczenli olarak denetlenen bir platformdur. Kullan\u0131c\u0131 memnuniyeti ve \u015feffafl\u0131k ilk \u00f6nceli\u011fimizdir.<\/p><\/div>\n\n\n\n<h3 class=\"wp-block-heading\">Sorumlu Oyun<\/h3>\n\n\n\n<p>Oyun oynaman\u0131n bir e\u011flence arac\u0131 oldu\u011funu unutmay\u0131n. Betsnice, sorumlu oyun politikalar\u0131n\u0131 destekler ve kullan\u0131c\u0131lar\u0131na limit belirleme, mola verme gibi ara\u00e7lar sunar. Yard\u0131ma ihtiyac\u0131n\u0131z olursa, destek ekibimizle ileti\u015fime ge\u00e7in.<\/p>\n<\/div>\n\n\n\n<div class=\"wp-block-uagb-container uagb-block-829ca1dd\">\n<div class=\"wp-block-uagb-info-box uagb-block-a82b4163 uagb-infobox__content-wrap  uagb-infobox-icon-above-title uagb-infobox-image-valign-top wp-block-uagb-info-box--has-margin\"><div class=\"uagb-infobox-margin-wrapper\"><div class=\"uagb-ifb-content\"><div class=\"uagb-ifb-image-content\"><img decoding=\"async\" src=\"http:\/\/betsnice.mobi\/wp-content\/uploads\/2025\/11\/webinar-landing-template-speaker-img-1.webp\" alt=\"\" width=\"\" height=\"0\" loading=\"lazy\"\/><\/div><div class=\"uagb-ifb-title-wrap\"><\/div><\/div><\/div><\/div>\n<\/div>\n<\/div><\/div>\n\n\n\n<div class=\"wp-block-uagb-container uagb-block-eac39be9 alignfull uagb-is-root-container\"><div class=\"uagb-container-inner-blocks-wrap\">\n<div class=\"wp-block-uagb-info-box uagb-block-cb9f5362 uagb-infobox__content-wrap  uagb-infobox-icon-above-title uagb-infobox-image-valign-top wp-block-uagb-info-box--has-margin\"><div class=\"uagb-infobox-margin-wrapper\"><div class=\"uagb-ifb-content\"><div class=\"uagb-ifb-title-wrap\"><h3 class=\"uagb-ifb-title-prefix\">Her An Yan\u0131n\u0131zday\u0131z!<\/h3><\/div><div class=\"uagb-ifb-separator\"><\/div><\/div><\/div><\/div>\n\n\n\n<div class=\"wp-block-uagb-container uagb-block-c69cd08b\">\n<div class=\"wp-block-uagb-advanced-heading uagb-block-bfc4c9b7\"><h2 class=\"uagb-heading-text\">Destek ve \u0130leti\u015fim<\/h2><p class=\"uagb-desc-text\">Sorular\u0131n\u0131z, sorunlar\u0131n\u0131z veya geri bildirimleriniz i\u00e7in 7 g\u00fcn 24 saat aktif canl\u0131 destek hatt\u0131m\u0131z hizmetinizde.<\/p><\/div>\n\n\n\n<div class=\"wp-block-uagb-icon-list uagb-block-9fa2019e\"><div class=\"uagb-icon-list__wrap\">\n<div class=\"wp-block-uagb-icon-list-child uagb-block-48661929\"><a target=\"_self\" aria-label=\"destek@betsnice.com\" rel=\"noopener noreferrer\" href=\"#\"> <\/a><span class=\"uagb-icon-list__source-wrap\"><svg xmlns=\"https:\/\/www.w3.org\/2000\/svg\" viewBox=\"0 0 512 512\"><path d=\"M512 256C512 397.4 397.4 512 256 512C114.6 512 0 397.4 0 256C0 114.6 114.6 0 256 0C397.4 0 512 114.6 512 256z\"><\/path><\/svg><\/span><span class=\"uagb-icon-list__label\">destek@betsnice.com<\/span><\/div>\n\n\n\n<div class=\"wp-block-uagb-icon-list-child uagb-block-e8dabe4f\"><a target=\"_self\" aria-label=\"marketing@betsnice.com\" rel=\"noopener noreferrer\" href=\"#\"> <\/a><span class=\"uagb-icon-list__source-wrap\"><svg xmlns=\"https:\/\/www.w3.org\/2000\/svg\" viewBox=\"0 0 512 512\"><path d=\"M512 256C512 397.4 397.4 512 256 512C114.6 512 0 397.4 0 256C0 114.6 114.6 0 256 0C397.4 0 512 114.6 512 256z\"><\/path><\/svg><\/span><span class=\"uagb-icon-list__label\">marketing@betsnice.com<\/span><\/div>\n\n\n\n<div class=\"wp-block-uagb-icon-list-child uagb-block-0c55ddb6\"><a target=\"_self\" aria-label=\"feedback@betsnice.com\" rel=\"noopener noreferrer\" href=\"#\"> <\/a><span class=\"uagb-icon-list__source-wrap\"><svg xmlns=\"https:\/\/www.w3.org\/2000\/svg\" viewBox=\"0 0 512 512\"><path d=\"M512 256C512 397.4 397.4 512 256 512C114.6 512 0 397.4 0 256C0 114.6 114.6 0 256 0C397.4 0 512 114.6 512 256z\"><\/path><\/svg><\/span><span class=\"uagb-icon-list__label\">feedback@betsnice.com<\/span><\/div>\n<\/div><\/div>\n\n\n\n<div class=\"wp-block-uagb-buttons uagb-buttons__outer-wrap uagb-btn__default-btn uagb-btn-tablet__default-btn uagb-btn-mobile__default-btn uagb-block-4ad5f2b8\"><div class=\"uagb-buttons__wrap uagb-buttons-layout-wrap \">\n<div class=\"wp-block-uagb-buttons-child uagb-buttons__outer-wrap uagb-block-31642687 wp-block-button is-style-outline\"><div class=\"uagb-button__wrapper\"><a class=\"uagb-buttons-repeater wp-block-button__link\" aria-label=\"\" href=\"#\" rel=\"follow noopener\" target=\"_self\" role=\"button\"><div class=\"uagb-button__link\">Canl\u0131 Deste\u011fe Ba\u011flan<\/div><\/a><\/div><\/div>\n<\/div><\/div>\n<\/div>\n\n\n\n<div class=\"wp-block-uagb-container uagb-block-dff169e5\">\n<div class=\"wp-block-uagb-info-box uagb-block-adae31b2 uagb-infobox__content-wrap  uagb-infobox-icon-above-title uagb-infobox-image-valign-top wp-block-uagb-info-box--has-margin\"><div class=\"uagb-infobox-margin-wrapper\"><div class=\"uagb-ifb-content\"><div class=\"uagb-ifb-image-content\"><img decoding=\"async\" src=\"http:\/\/betsnice.mobi\/wp-content\/uploads\/2025\/11\/webinar-landing-template-speaker-img-2.webp\" alt=\"\" width=\"\" height=\"0\" loading=\"lazy\"\/><\/div><div class=\"uagb-ifb-title-wrap\"><\/div><\/div><\/div><\/div>\n<\/div>\n<\/div><\/div>\n\n\n\n<div class=\"wp-block-uagb-container uagb-block-191c689b alignfull uagb-is-root-container\"><div class=\"uagb-container-inner-blocks-wrap\">\n<div class=\"wp-block-uagb-container uagb-block-5baf179e\">\n<div class=\"wp-block-uagb-advanced-heading uagb-block-fabc70ba\"><h2 class=\"uagb-heading-text\"><strong>Betsnice D\u00fcnyas\u0131 Cebine S\u0131\u011fd\u0131!<\/strong><\/h2><p class=\"uagb-desc-text\">Bir daha asla favori ma\u00e7\u0131n\u0131 veya ka\u00e7\u0131r\u0131lmaz bir oran\u0131 ka\u00e7\u0131rma. <strong>Betsnice mobil uygulama<\/strong>, tam kapsaml\u0131 bahis deneyimini, y\u00fcksek g\u00fcvenlikle birlikte avucuna getiriyor. <strong>\u00d6zg\u00fcrce bahis yapman\u0131n keyfini \u00e7\u0131kar!<\/strong> Hemen indir mobil giri\u015f uygulamam\u0131z ile g\u00fcncel adrese an\u0131nda ula\u015f!<\/p><\/div>\n<\/div>\n<\/div><\/div>\n","protected":false},"excerpt":{"rendered":"<p>Uygulama Nas\u0131l \u00c7al\u0131\u015f\u0131r? Mobil uygulamam\u0131z kullan\u0131c\u0131lar\u0131m\u0131z\u0131n sosyal medya hesaplar\u0131m\u0131za, en g\u00fcncel adresimize ula\u015fabilmeler i\u00e7in tasarlanm\u0131\u015ft\u0131r. Yukar\u0131da yer alan linkten uygulamam\u0131z\u0131 indirerek kurulumu tamamlayabilirsiniz. G\u00fcvenilir ve Lisansl\u0131 Oyun Platformu Betsnice, yasal merciler taraf\u0131ndan lisanslanm\u0131\u015f ve d\u00fczenli olarak denetlenen bir platformdur. Kullan\u0131c\u0131 memnuniyeti ve \u015feffafl\u0131k ilk \u00f6nceli\u011fimizdir. Sorumlu Oyun Oyun oynaman\u0131n bir e\u011flence arac\u0131 oldu\u011funu unutmay\u0131n. Betsnice, [&hellip;]<\/p>\n","protected":false},"author":1,"featured_media":0,"parent":0,"menu_order":0,"comment_status":"closed","ping_status":"closed","template":"","meta":{"_uag_custom_page_level_css":"","site-sidebar-layout":"no-sidebar","site-content-layout":"page-builder","ast-site-content-layout":"full-width-container","site-content-style":"unboxed","site-sidebar-style":"unboxed","ast-global-header-display":"","ast-banner-title-visibility":"","ast-main-header-display":"","ast-hfb-above-header-display":"","ast-hfb-below-header-display":"","ast-hfb-mobile-header-display":"","site-post-title":"disabled","ast-breadcrumbs-content":"","ast-featured-img":"disabled","footer-sml-layout":"","theme-transparent-header-meta":"enabled","adv-header-id-meta":"","stick-header-meta":"","header-above-stick-meta":"","header-main-stick-meta":"","header-below-stick-meta":"","astra-migrate-meta-layouts":"set","ast-page-background-enabled":"default","ast-page-background-meta":{"desktop":{"background-color":"","background-image":"","background-repeat":"repeat","background-position":"center center","background-size":"auto","background-attachment":"scroll","background-type":"","background-media":"","overlay-type":"","overlay-color":"","overlay-opacity":"","overlay-gradient":""},"tablet":{"background-color":"","background-image":"","background-repeat":"repeat","background-position":"center center","background-size":"auto","background-attachment":"scroll","background-type":"","background-media":"","overlay-type":"","overlay-color":"","overlay-opacity":"","overlay-gradient":""},"mobile":{"background-color":"","background-image":"","background-repeat":"repeat","background-position":"center center","background-size":"auto","background-attachment":"scroll","background-type":"","background-media":"","overlay-type":"","overlay-color":"","overlay-opacity":"","overlay-gradient":""}},"ast-content-background-meta":{"desktop":{"background-color":"var(--ast-global-color-5)","background-image":"","background-repeat":"repeat","background-position":"center center","background-size":"auto","background-attachment":"scroll","background-type":"","background-media":"","overlay-type":"","overlay-color":"","overlay-opacity":"","overlay-gradient":""},"tablet":{"background-color":"var(--ast-global-color-5)","background-image":"","background-repeat":"repeat","background-position":"center center","background-size":"auto","background-attachment":"scroll","background-type":"","background-media":"","overlay-type":"","overlay-color":"","overlay-opacity":"","overlay-gradient":""},"mobile":{"background-color":"var(--ast-global-color-5)","background-image":"","background-repeat":"repeat","background-position":"center center","background-size":"auto","background-attachment":"scroll","background-type":"","background-media":"","overlay-type":"","overlay-color":"","overlay-opacity":"","overlay-gradient":""}},"footnotes":""},"class_list":["post-592","page","type-page","status-publish","hentry"],"uagb_featured_image_src":{"full":false,"thumbnail":false,"medium":false,"medium_large":false,"large":false,"1536x1536":false,"2048x2048":false},"uagb_author_info":{"display_name":"manager","author_link":"https:\/\/betsnice.mobi\/?author=1"},"uagb_comment_info":0,"uagb_excerpt":"Uygulama Nas\u0131l \u00c7al\u0131\u015f\u0131r? Mobil uygulamam\u0131z kullan\u0131c\u0131lar\u0131m\u0131z\u0131n sosyal medya hesaplar\u0131m\u0131za, en g\u00fcncel adresimize ula\u015fabilmeler i\u00e7in tasarlanm\u0131\u015ft\u0131r. Yukar\u0131da yer alan linkten uygulamam\u0131z\u0131 indirerek kurulumu tamamlayabilirsiniz. G\u00fcvenilir ve Lisansl\u0131 Oyun Platformu Betsnice, yasal merciler taraf\u0131ndan lisanslanm\u0131\u015f ve d\u00fczenli olarak denetlenen bir platformdur. Kullan\u0131c\u0131 memnuniyeti ve \u015feffafl\u0131k ilk \u00f6nceli\u011fimizdir. Sorumlu Oyun Oyun oynaman\u0131n bir e\u011flence arac\u0131 oldu\u011funu unutmay\u0131n. Betsnice,&hellip;","_links":{"self":[{"href":"https:\/\/betsnice.mobi\/index.php?rest_route=\/wp\/v2\/pages\/592","targetHints":{"allow":["GET"]}}],"collection":[{"href":"https:\/\/betsnice.mobi\/index.php?rest_route=\/wp\/v2\/pages"}],"about":[{"href":"https:\/\/betsnice.mobi\/index.php?rest_route=\/wp\/v2\/types\/page"}],"author":[{"embeddable":true,"href":"https:\/\/betsnice.mobi\/index.php?rest_route=\/wp\/v2\/users\/1"}],"replies":[{"embeddable":true,"href":"https:\/\/betsnice.mobi\/index.php?rest_route=%2Fwp%2Fv2%2Fcomments&post=592"}],"version-history":[{"count":17,"href":"https:\/\/betsnice.mobi\/index.php?rest_route=\/wp\/v2\/pages\/592\/revisions"}],"predecessor-version":[{"id":1473,"href":"https:\/\/betsnice.mobi\/index.php?rest_route=\/wp\/v2\/pages\/592\/revisions\/1473"}],"wp:attachment":[{"href":"https:\/\/betsnice.mobi\/index.php?rest_route=%2Fwp%2Fv2%2Fmedia&parent=592"}],"curies":[{"name":"wp","href":"https:\/\/api.w.org\/{rel}","templated":true}]}}